{"id":9,"date":"2014-04-21T04:25:14","date_gmt":"2014-04-21T02:25:14","guid":{"rendered":"http:\/\/www.stellplatz.margitproske.de\/?page_id=9"},"modified":"2014-05-10T03:17:57","modified_gmt":"2014-05-10T01:17:57","slug":"impressum","status":"publish","type":"page","link":"http:\/\/www.stellplatz.margitproske.de\/?page_id=9","title":{"rendered":"Impressum"},"content":{"rendered":"<p>Impressum<\/p>\n<p>Haftungshinweis<\/p>\n<p>Trotz sorgf\u00e4ltiger inhaltlicher Kontrolle \u00fcbernehmen ich keine Haftung<br \/>\nf\u00fcr die Inhalte externer Links.F\u00fcr den Inhalt der verlinkten Seiten sind<br \/>\nausschlie\u00dflich deren Betreiber verantwortlich!<\/p>\n<p>Die Rechte s\u00e4mtlicher Bilder liegen bei mir (oder sind von mir erstellt),<br \/>\nweshalb ich mir alle Copyrightrechte vorbehalte. Bilder die nicht oder<br \/>\nnicht ausschlie\u00dflich von mir stammen sind im Footer (Fu\u00df der Seite)<br \/>\nentsprechend gekennzeichnet.<\/p>\n<p>Datenschutz<\/p>\n<p>Ich Margit Proske, Betreiber von stellplatz.margitproske.de nehmen den<br \/>\nSchutz Ihrer pers\u00f6nlichen Daten sehr ernst und halten uns strikt an die<br \/>\nRegeln der Datenschutzgesetze. Personenbezogene Daten werden auf dieser<br \/>\nWebseite nur im technisch notwendigen Umfang erhoben.<br \/>\nIn keinem Fall werden die erhobenen Daten verkauft oder aus anderen<br \/>\nGr\u00fcnden an Dritte weitergegeben.<\/p>\n","protected":false},"excerpt":{"rendered":"<p>Impressum Haftungshinweis Trotz sorgf\u00e4ltiger inhaltlicher Kontrolle \u00fcbernehmen ich keine Haftung f\u00fcr die Inhalte externer Links.F\u00fcr den Inhalt der verlinkten Seiten sind ausschlie\u00dflich deren Betreiber verantwortlich! Die Rechte s\u00e4mtlicher Bilder liegen bei mir (oder sind von mir erstellt), weshalb ich mir alle Copyrightrechte vorbehalte. Bilder die nicht oder nicht ausschlie\u00dflich von mir stammen sind im Footer [&hellip;]<\/p>\n","protected":false},"author":2,"featured_media":0,"parent":0,"menu_order":0,"comment_status":"closed","ping_status":"closed","template":"","meta":[],"_links":{"self":[{"href":"http:\/\/www.stellplatz.margitproske.de\/index.php?rest_route=\/wp\/v2\/pages\/9"}],"collection":[{"href":"http:\/\/www.stellplatz.margitproske.de\/index.php?rest_route=\/wp\/v2\/pages"}],"about":[{"href":"http:\/\/www.stellplatz.margitproske.de\/index.php?rest_route=\/wp\/v2\/types\/page"}],"author":[{"embeddable":true,"href":"http:\/\/www.stellplatz.margitproske.de\/index.php?rest_route=\/wp\/v2\/users\/2"}],"replies":[{"embeddable":true,"href":"http:\/\/www.stellplatz.margitproske.de\/index.php?rest_route=%2Fwp%2Fv2%2Fcomments&post=9"}],"version-history":[{"count":3,"href":"http:\/\/www.stellplatz.margitproske.de\/index.php?rest_route=\/wp\/v2\/pages\/9\/revisions"}],"predecessor-version":[{"id":38,"href":"http:\/\/www.stellplatz.margitproske.de\/index.php?rest_route=\/wp\/v2\/pages\/9\/revisions\/38"}],"wp:attachment":[{"href":"http:\/\/www.stellplatz.margitproske.de\/index.php?rest_route=%2Fwp%2Fv2%2Fmedia&parent=9"}],"curies":[{"name":"wp","href":"https:\/\/api.w.org\/{rel}","templated":true}]}}